{"id":74,"date":"2019-10-11T15:02:28","date_gmt":"2019-10-11T13:02:28","guid":{"rendered":"http:\/\/fitnessboedelibad.tcnet.ch\/wordpress\/?page_id=74"},"modified":"2023-04-05T07:42:55","modified_gmt":"2023-04-05T05:42:55","slug":"abos","status":"publish","type":"page","link":"https:\/\/fitnessboedelibad.ch\/wordpress\/abos\/","title":{"rendered":"Sportphysiotherapie"},"content":{"rendered":"\n<p>Die Sportphysiotherapie f\u00f6rdert die Leistungsf\u00e4higkeit, Ausdauer und Belastbarkeit. Ziel ist es den Sportler schnellst m\u00f6glich auf sein pers\u00f6nliches Leistungsniveau zu bringen.<\/p>\n\n\n\n<p>Die vier top ausgebildeten Sport-Therapeutinnen und Therapeuten begleiten und unterst\u00fctzen dich dabei! Auch ohne \u00e4rztliche Verordnung kannst du dich privat an unsere Sportphysios wenden.<\/p>\n\n\n\n<h3 class=\"wp-block-heading\">Team<\/h3>\n\n\n\n<h4 class=\"wp-block-heading\">Andrea Imboden<\/h4>\n\n\n\n<p>Sportphysiotherapie Ausbildung Magglingen,  BSC Young Boys.<\/p>\n\n\n\n<h4 class=\"wp-block-heading\">Daniel Stucki<\/h4>\n\n\n\n<p>IAS (International Academy for Sportscience)  Swisssnowboard Nationalmannschaft<\/p>\n\n\n\n<h4 class=\"wp-block-heading\">Irene Walther<\/h4>\n\n\n\n<p>ESP Sportphysio Zurzach, Swiss-Ski<\/p>\n\n\n\n<figure class=\"wp-block-image\"><img loading=\"lazy\" decoding=\"async\" width=\"683\" height=\"1024\" src=\"http:\/\/fitnessboedelibad.tcnet.ch\/wordpress\/wp-content\/uploads\/2019\/10\/Physio_low_084-683x1024.jpg\" alt=\"\" class=\"wp-image-120\" srcset=\"https:\/\/fitnessboedelibad.ch\/wordpress\/wp-content\/uploads\/2019\/10\/Physio_low_084-683x1024.jpg 683w, https:\/\/fitnessboedelibad.ch\/wordpress\/wp-content\/uploads\/2019\/10\/Physio_low_084-200x300.jpg 200w, https:\/\/fitnessboedelibad.ch\/wordpress\/wp-content\/uploads\/2019\/10\/Physio_low_084.jpg 720w\" sizes=\"(max-width: 683px) 100vw, 683px\" \/><\/figure>\n\n\n\n<div style=\"height:20px\" aria-hidden=\"true\" class=\"wp-block-spacer\"><\/div>\n","protected":false},"excerpt":{"rendered":"<p>Die Sportphysiotherapie f\u00f6rdert die Leistungsf\u00e4higkeit, Ausdauer und Belastbarkeit. Ziel ist es den Sportler schnellst m\u00f6glich auf sein pers\u00f6nliches Leistungsniveau zu bringen. Die vier top ausgebildeten Sport-Therapeutinnen und Therapeuten begleiten und unterst\u00fctzen dich dabei! Auch ohne \u00e4rztliche Verordnung kannst du dich privat an unsere Sportphysios wenden. Team Andrea Imboden Sportphysiotherapie Ausbildung Magglingen, BSC Young Boys. Daniel &hellip; <\/p>\n<p class=\"link-more\"><a href=\"https:\/\/fitnessboedelibad.ch\/wordpress\/abos\/\" class=\"more-link\"><span class=\"screen-reader-text\">&#171;Sportphysiotherapie&#187;<\/span> weiterlesen<\/a><\/p>\n","protected":false},"author":1,"featured_media":117,"parent":0,"menu_order":20,"comment_status":"closed","ping_status":"closed","template":"","meta":{"footnotes":""},"_links":{"self":[{"href":"https:\/\/fitnessboedelibad.ch\/wordpress\/wp-json\/wp\/v2\/pages\/74"}],"collection":[{"href":"https:\/\/fitnessboedelibad.ch\/wordpress\/wp-json\/wp\/v2\/pages"}],"about":[{"href":"https:\/\/fitnessboedelibad.ch\/wordpress\/wp-json\/wp\/v2\/types\/page"}],"author":[{"embeddable":true,"href":"https:\/\/fitnessboedelibad.ch\/wordpress\/wp-json\/wp\/v2\/users\/1"}],"replies":[{"embeddable":true,"href":"https:\/\/fitnessboedelibad.ch\/wordpress\/wp-json\/wp\/v2\/comments?post=74"}],"version-history":[{"count":17,"href":"https:\/\/fitnessboedelibad.ch\/wordpress\/wp-json\/wp\/v2\/pages\/74\/revisions"}],"predecessor-version":[{"id":722,"href":"https:\/\/fitnessboedelibad.ch\/wordpress\/wp-json\/wp\/v2\/pages\/74\/revisions\/722"}],"wp:featuredmedia":[{"embeddable":true,"href":"https:\/\/fitnessboedelibad.ch\/wordpress\/wp-json\/wp\/v2\/media\/117"}],"wp:attachment":[{"href":"https:\/\/fitnessboedelibad.ch\/wordpress\/wp-json\/wp\/v2\/media?parent=74"}],"curies":[{"name":"wp","href":"https:\/\/api.w.org\/{rel}","templated":true}]}}