{"id":8,"date":"2019-09-19T14:22:01","date_gmt":"2019-09-19T12:22:01","guid":{"rendered":"http:\/\/fitnessboedelibad.tcnet.ch\/wordpress\/?page_id=8"},"modified":"2026-04-13T13:14:04","modified_gmt":"2026-04-13T13:14:04","slug":"herzlich-willkommen","status":"publish","type":"page","link":"https:\/\/fitnessboedelibad.ch\/wordpress\/","title":{"rendered":"Herzlich Willkommen"},"content":{"rendered":"\n<h2 class=\"wp-block-heading\"><br><br><br><br><br><\/h2>\n\n\n\n<div style=\"height:20px\" aria-hidden=\"true\" class=\"wp-block-spacer\"><\/div>\n\n\n\n<h3 class=\"wp-block-heading\"><\/h3>\n\n\n\n<p>13. April 2026<\/p>\n\n\n\n<div style=\"height:20px\" aria-hidden=\"true\" class=\"wp-block-spacer\"><\/div>\n\n\n\n<p>Unser Fitnesscenter ist zentral gelegen, verf\u00fcgt \u00fcber ausreichend Parkpl\u00e4tze und ist Teil des B\u00f6delibades. Das Center befindet sich neben der Physiotherapie im Obergeschoss des Hauptgeb\u00e4udes und ist mit einem Lift erschlossen. <\/p>\n\n\n\n<p>Neben Fitness und Physiotherapie stehen folgende Sport- und Freizeitangebote zur Verf\u00fcgung: Hallen- und Freibad, Wellness, Sporthalle und Minigolf. <\/p>\n\n\n\n<p>Das Fitness B\u00f6delibad ist klimatisiert, bietet eine grossz\u00fcgige Raumaufteilung, eine angenehme Atmosph\u00e4re und eine tolle Aussicht.<\/p>\n\n\n\n<p>Ob als Rehabilitation oder zur Gesundheitsf\u00f6rderung oder als Leistungsoptimierung: regelm\u00e4ssiges Training f\u00f6rdert die positiven Energien.<\/p>\n\n\n\n<p>Montag, Dienstag, Donnerstag: 07.30 bis 20.55 Uhr<br>Mittwoch, Freitag: 07.00 bis 20.55 Uhr<\/p>\n\n\n\n<p>Wochenende \/ Feiertage: 9.00 bis 17.50 Uhr<\/p>\n\n\n\n<p>Garderobenben\u00fctzung : ab 9.00 Uhr \/ Montag ab 12.00 Uhr.<\/p>\n\n\n\n<figure class=\"wp-block-image\"><img loading=\"lazy\" decoding=\"async\" width=\"1024\" height=\"663\" src=\"http:\/\/fitnessboedelibad.tcnet.ch\/wordpress\/wp-content\/uploads\/2019\/10\/Physio_low_035-1024x663.jpg\" alt=\"\" class=\"wp-image-110\" srcset=\"https:\/\/fitnessboedelibad.ch\/wordpress\/wp-content\/uploads\/2019\/10\/Physio_low_035-1024x663.jpg 1024w, https:\/\/fitnessboedelibad.ch\/wordpress\/wp-content\/uploads\/2019\/10\/Physio_low_035-300x194.jpg 300w, https:\/\/fitnessboedelibad.ch\/wordpress\/wp-content\/uploads\/2019\/10\/Physio_low_035-768x498.jpg 768w, https:\/\/fitnessboedelibad.ch\/wordpress\/wp-content\/uploads\/2019\/10\/Physio_low_035.jpg 1667w\" sizes=\"(max-width: 706px) 89vw, (max-width: 767px) 82vw, 740px\" \/><\/figure>\n\n\n\n<figure class=\"wp-block-image\"><img loading=\"lazy\" decoding=\"async\" width=\"1024\" height=\"611\" src=\"http:\/\/fitnessboedelibad.tcnet.ch\/wordpress\/wp-content\/uploads\/2019\/10\/Physio_low_038-1024x611.jpg\" alt=\"\" class=\"wp-image-112\" srcset=\"https:\/\/fitnessboedelibad.ch\/wordpress\/wp-content\/uploads\/2019\/10\/Physio_low_038-1024x611.jpg 1024w, https:\/\/fitnessboedelibad.ch\/wordpress\/wp-content\/uploads\/2019\/10\/Physio_low_038-300x179.jpg 300w, https:\/\/fitnessboedelibad.ch\/wordpress\/wp-content\/uploads\/2019\/10\/Physio_low_038-768x458.jpg 768w, https:\/\/fitnessboedelibad.ch\/wordpress\/wp-content\/uploads\/2019\/10\/Physio_low_038.jpg 1811w\" sizes=\"(max-width: 706px) 89vw, (max-width: 767px) 82vw, 740px\" \/><\/figure>\n\n\n\n<figure class=\"wp-block-image\"><img loading=\"lazy\" decoding=\"async\" width=\"1024\" height=\"683\" src=\"http:\/\/fitnessboedelibad.tcnet.ch\/wordpress\/wp-content\/uploads\/2019\/10\/Physio_low_039-1024x683.jpg\" alt=\"\" class=\"wp-image-113\" srcset=\"https:\/\/fitnessboedelibad.ch\/wordpress\/wp-content\/uploads\/2019\/10\/Physio_low_039-1024x683.jpg 1024w, https:\/\/fitnessboedelibad.ch\/wordpress\/wp-content\/uploads\/2019\/10\/Physio_low_039-300x200.jpg 300w, https:\/\/fitnessboedelibad.ch\/wordpress\/wp-content\/uploads\/2019\/10\/Physio_low_039-768x512.jpg 768w, https:\/\/fitnessboedelibad.ch\/wordpress\/wp-content\/uploads\/2019\/10\/Physio_low_039.jpg 1619w\" sizes=\"(max-width: 706px) 89vw, (max-width: 767px) 82vw, 740px\" \/><\/figure>\n","protected":false},"excerpt":{"rendered":"<p>13. April 2026 Unser Fitnesscenter ist zentral gelegen, verf\u00fcgt \u00fcber ausreichend Parkpl\u00e4tze und ist Teil des B\u00f6delibades. Das Center befindet sich neben der Physiotherapie im Obergeschoss des Hauptgeb\u00e4udes und ist mit einem Lift erschlossen. Neben Fitness und Physiotherapie stehen folgende Sport- und Freizeitangebote zur Verf\u00fcgung: Hallen- und Freibad, Wellness, Sporthalle und Minigolf. Das Fitness B\u00f6delibad &hellip; <\/p>\n<p class=\"link-more\"><a href=\"https:\/\/fitnessboedelibad.ch\/wordpress\/\" class=\"more-link\"><span class=\"screen-reader-text\">&#171;Herzlich Willkommen&#187;<\/span> weiterlesen<\/a><\/p>\n","protected":false},"author":1,"featured_media":0,"parent":0,"menu_order":0,"comment_status":"closed","ping_status":"closed","template":"","meta":{"footnotes":""},"_links":{"self":[{"href":"https:\/\/fitnessboedelibad.ch\/wordpress\/wp-json\/wp\/v2\/pages\/8"}],"collection":[{"href":"https:\/\/fitnessboedelibad.ch\/wordpress\/wp-json\/wp\/v2\/pages"}],"about":[{"href":"https:\/\/fitnessboedelibad.ch\/wordpress\/wp-json\/wp\/v2\/types\/page"}],"author":[{"embeddable":true,"href":"https:\/\/fitnessboedelibad.ch\/wordpress\/wp-json\/wp\/v2\/users\/1"}],"replies":[{"embeddable":true,"href":"https:\/\/fitnessboedelibad.ch\/wordpress\/wp-json\/wp\/v2\/comments?post=8"}],"version-history":[{"count":176,"href":"https:\/\/fitnessboedelibad.ch\/wordpress\/wp-json\/wp\/v2\/pages\/8\/revisions"}],"predecessor-version":[{"id":872,"href":"https:\/\/fitnessboedelibad.ch\/wordpress\/wp-json\/wp\/v2\/pages\/8\/revisions\/872"}],"wp:attachment":[{"href":"https:\/\/fitnessboedelibad.ch\/wordpress\/wp-json\/wp\/v2\/media?parent=8"}],"curies":[{"name":"wp","href":"https:\/\/api.w.org\/{rel}","templated":true}]}}